{"id":221,"date":"2025-02-24T12:45:21","date_gmt":"2025-02-24T12:45:21","guid":{"rendered":"https:\/\/gospelforeveryone.worldea.org\/?page_id=221"},"modified":"2025-02-25T12:33:30","modified_gmt":"2025-02-25T12:33:30","slug":"privacy","status":"publish","type":"page","link":"https:\/\/pray.worldea.org\/de\/privacy\/","title":{"rendered":"Datenschutz"},"content":{"rendered":"<p>Datenschutz ist wichtig, kann aber verwirrend sein. Auf dieser Seite wird unser Ansatz zum Datenschutz und seine Auswirkungen auf Sie erl\u00e4utert.<\/p>\n<h4>Kurzfassung<\/h4>\n<p>Wir erfassen anonyme Statistiken \u00fcber Ihren Besuch, beispielsweise welche unserer Seiten Sie angesehen haben.<\/p>\n<p>Some third parties like Facebook may know you visited this website, if you use their services. We can&#8217;t control them but we don&#8217;t believe this knowledge poses any threat to you.<\/p>\n<p>If you sign up with us, we take great care to keep your information safe and we&#8217;ll never share it with others without your express permission.<\/p>\n<p>Wir geben Ihre Daten niemals an Dritte weiter, es sei denn, dies unterst\u00fctzt uns bei der Bereitstellung unserer eigenen Dienste.<\/p>\n<p>Dies sind nur die wichtigsten Punkte. Wenn Sie weitere Einzelheiten ben\u00f6tigen, lesen Sie weiter.<\/p>\n<h4>Messung unserer Besucherzahlen<\/h4>\n<p>We measure visitors to our website using Google Analytics. This records what pages you view within our site, how you arrived at our site and some basic information about your computer. All of that information is anonymous &#8211; so we don&#8217;t know who you are; just that somebody visited our site.<\/p>\n<p>Die Informationen, die wir durch Analysen sammeln, helfen uns zu verstehen, welche Teile unserer Websites gut funktionieren, wie die Leute auf unsere Website gelangen usw. Wie die meisten Websites verwenden wir diese Informationen, um unsere Website zu verbessern.<\/p>\n<p>Du kannst\u00a0<a href=\"https:\/\/support.google.com\/analytics\/answer\/6004245\" target=\"_blank\" rel=\"noopener\">Erfahren Sie hier mehr \u00fcber Google Analytics<\/a>.<\/p>\n<h4>Eingebettete Inhalte von anderen Websites<\/h4>\n<p>Der Inhalt dieser Website kann eingebettete Inhalte beinhalten (z. B. Videos, Bilder, Beitr\u00e4ge etc.). Eingebettete Inhalte von anderen Websites verhalten sich exakt so, als ob der Besucher die urspr\u00fcngliche Website besucht h\u00e4tte.<\/p>\n<p>Diese Websites k\u00f6nnen Daten \u00fcber Sie sammeln, Cookies benutzen, zus\u00e4tzliche Tracking-Dienste von Dritten einbetten und Ihre Interaktion mit diesem eingebetteten Inhalt aufzeichnen, inklusive Ihrer Interaktion mit dem eingebetteten Inhalt, falls Sie ein Konto haben und auf dieser Website angemeldet sind.<\/p>\n<h4>Anzeigen und gesponserte Links<\/h4>\n<p>Diese Website enth\u00e4lt keine gesponserten Links oder Anzeigen.<\/p>\n<h4>Downloads und Mediendateien<\/h4>\n<p>Alle herunterladbaren Dokumente, Dateien oder Medien, die auf dieser Website zur Verf\u00fcgung gestellt werden, werden Ihnen auf Ihr eigenes Risiko zur Verf\u00fcgung gestellt. Obwohl alle Vorkehrungen getroffen wurden, um sicherzustellen, dass nur Original-Downloads verf\u00fcgbar sind, wird Ihnen empfohlen, deren Echtheit mithilfe von Antivirensoftware oder \u00e4hnlichen Anwendungen von Drittanbietern zu \u00fcberpr\u00fcfen.<\/p>\n<p>Wir \u00fcbernehmen keine Verantwortung f\u00fcr Downloads von Drittanbietern und Downloads, die von externen Websites Dritter bereitgestellt werden. Wir empfehlen Ihnen, deren Echtheit mithilfe von Antivirensoftware oder \u00e4hnlichen Anwendungen von Drittanbietern zu \u00fcberpr\u00fcfen.<\/p>\n<h4>Facebook, Twitter und andere soziale Netzwerke<\/h4>\n<p>These services provide social buttons and similar features which we use on our website &#8211; such as the &#8220;Like&#8221; and &#8220;Tweet&#8221; buttons.<\/p>\n<p>To do so, we embed code that they provide and we do not control ourselves. To function, their buttons generally know if you&#8217;re logged in; for example Facebook use this to say &#8220;x of your friends like this&#8221;. We do not have any access to that information, nor can we control how those networks use it.<\/p>\n<p>Social networks, therefore, could know that you&#8217;re viewing this website, if you use their services. (That isn&#8217;t to say that they do, but their policies may change).<\/p>\n<h4>Wenn Sie sich f\u00fcr einen Dienst anmelden<\/h4>\n<p>Wenn Sie sich f\u00fcr einen unserer Dienste anmelden (beispielsweise bei der Anmeldung zum Mailing-Verteiler), erfassen wir bestimmte pers\u00f6nliche Informationen \u00fcber Sie, beispielsweise Ihren Namen und Ihre E-Mail-Adresse.<\/p>\n<h4>E-Mails<\/h4>\n<p>Wir k\u00f6nnen Ihnen E-Mail-Benachrichtigungen senden, die Sie ausdr\u00fccklich angefordert haben (z. B. Newsletter oder Benachrichtigungen). Sie haben die M\u00f6glichkeit, diese Mitteilungen jederzeit abzubestellen.<\/p>\n<p>Wir geben Ihre pers\u00f6nlichen Daten oder Ihre E-Mail-Adresse niemals an Dritte weiter, es sei denn, diese werden, wie oben beschrieben, speziell zur Bereitstellung unserer eigenen Dienste eingesetzt.<\/p>\n<h4>Sicherheit<\/h4>\n<p>Wir treffen zahlreiche Vorkehrungen, um den Verlust, Missbrauch oder die \u00c4nderung Ihrer pers\u00f6nlichen Daten zu verhindern. Zu diesen Vorkehrungen geh\u00f6ren:<\/p>\n<ul>\n<li>Einsatz von SSL-Verschl\u00fcsselung f\u00fcr s\u00e4mtliche Seiteninhalte und alle erfassten Daten<\/li>\n<li>Hardware wird in gesicherten Rechenzentren hinter Firewalls gelagert<\/li>\n<li>Der gesamte Zugriff auf Informationen ist durch ein Passwort und\/oder einen sicheren Schl\u00fcssel beschr\u00e4nkt.<\/li>\n<li>Einschr\u00e4nkungen hinsichtlich der Informationen, auf die von einem Standort aus zugegriffen werden kann<\/li>\n<\/ul>\n<p>Obwohl wir mit gro\u00dfer Sorgfalt darauf achten, dass vertrauliche Informationen gesch\u00fctzt bleiben, k\u00f6nnen wir die Sicherheit der \u00fcber das Internet gesendeten Daten nicht garantieren.<\/p>\n<p>If, during the course of your use of this website, you are asked to create a user account, then please note that you are responsible for keeping your password and user details confidential. We will never ask you for your password, so please don&#8217;t trust anybody asking you for it.<\/p>\n<h4>Ihre Daten<\/h4>\n<p>Ihre Daten geh\u00f6ren Ihnen. Wenn Sie jederzeit eine Kopie Ihrer Daten anfordern oder verlangen m\u00f6chten, dass wir sie aus unserem System entfernen, k\u00f6nnen Sie dies tun.\u00a0<a href=\"https:\/\/pray.worldea.org\/de\/your-data\/\">Hier<\/a>.<\/p>\n<h4>Aktualisierungen dieser Richtlinie<\/h4>\n<p>Wir k\u00f6nnen diese Datenschutzrichtlinie von Zeit zu Zeit aktualisieren, insbesondere wenn sich die Technologie \u00e4ndert. Sie k\u00f6nnen auf dieser Seite immer die neueste Version einsehen. Wir k\u00f6nnen Sie auch per E-Mail \u00fcber \u00c4nderungen an unserer Datenschutzrichtlinie informieren.<\/p>","protected":false},"excerpt":{"rendered":"<p>Privacy matters, but it can be confusing. This page explains our approach to privacy and how it affects you. Short version We collect anonymous statistics about your visit, like which of our pages you viewed. Some third parties like Facebook may know you visited this website, if you use their services. We can&#8217;t control them &#8230; <a title=\"Datenschutz\" class=\"read-more\" href=\"https:\/\/pray.worldea.org\/de\/privacy\/\" aria-label=\"Mehr Informationen \u00fcber Privacy\">Weiterlesen &#8230;<\/a><\/p>","protected":false},"author":1,"featured_media":0,"parent":0,"menu_order":0,"comment_status":"closed","ping_status":"closed","template":"","meta":{"_acf_changed":false,"_seopress_robots_primary_cat":"","_seopress_titles_title":"","_seopress_titles_desc":"","_seopress_robots_index":"","footnotes":""},"class_list":["post-221","page","type-page","status-publish"],"acf":[],"_links":{"self":[{"href":"https:\/\/pray.worldea.org\/de\/wp-json\/wp\/v2\/pages\/221","targetHints":{"allow":["GET"]}}],"collection":[{"href":"https:\/\/pray.worldea.org\/de\/wp-json\/wp\/v2\/pages"}],"about":[{"href":"https:\/\/pray.worldea.org\/de\/wp-json\/wp\/v2\/types\/page"}],"author":[{"embeddable":true,"href":"https:\/\/pray.worldea.org\/de\/wp-json\/wp\/v2\/users\/1"}],"replies":[{"embeddable":true,"href":"https:\/\/pray.worldea.org\/de\/wp-json\/wp\/v2\/comments?post=221"}],"version-history":[{"count":0,"href":"https:\/\/pray.worldea.org\/de\/wp-json\/wp\/v2\/pages\/221\/revisions"}],"wp:attachment":[{"href":"https:\/\/pray.worldea.org\/de\/wp-json\/wp\/v2\/media?parent=221"}],"curies":[{"name":"wp","href":"https:\/\/api.w.org\/{rel}","templated":true}]}}