{"id":389,"date":"2025-02-26T16:28:54","date_gmt":"2025-02-26T16:28:54","guid":{"rendered":"https:\/\/wea-pray.perfectlydigital.dev\/?page_id=389"},"modified":"2025-03-03T16:02:42","modified_gmt":"2025-03-03T16:02:42","slug":"prayer-for-the-world","status":"publish","type":"page","link":"https:\/\/pray.worldea.org\/de\/prayer-for-the-world\/","title":{"rendered":"Prayer for the World"},"content":{"rendered":"Click here to edit the dot navigation module. This text is only for editing and will not appear after you publish the changes.\n    <ul>\n        <li><a href=\"#\" data-row-id=\"pftw1\" data-prev-row-id=\"\"><\/a><\/li><li><a href=\"#\" data-row-id=\"pftw2\" data-prev-row-id=\"pftw1\"><\/a><\/li><li><a href=\"#\" data-row-id=\"pftw3\" data-prev-row-id=\"pftw2\"><\/a><\/li><li><a href=\"#\" data-row-id=\"pftw4\" data-prev-row-id=\"pftw3\"><\/a><\/li><li><a href=\"#\" data-row-id=\"pftw5\" data-prev-row-id=\"pftw4\"><\/a><\/li><li><a href=\"#\" data-row-id=\"pftw6\" data-prev-row-id=\"pftw5\"><\/a><\/li><li><a href=\"#\" data-row-id=\"pftw7\" data-prev-row-id=\"pftw6\"><\/a><\/li><li><a href=\"#\" data-row-id=\"pftw8\" data-prev-row-id=\"pftw7\"><\/a><\/li>    <\/ul>\n<h1>\n\t\tEin Gebet F\u00fcr Die Welt\n\t<\/h1>\n<h2>\n\t\tAllm\u00e4chtiger Gott\n\t<\/h2>\n<h2>\n\t\tVater, Sohn und Heiliger Geist\n\t<\/h2>\n\tDu allein bist heilig und gerecht.<br \/>\nWir versammeln uns mit Gl\u00e4ubigen aus der ganzen Welt,<br \/>\nWir dem\u00fctigen uns vor dir um,<br \/>\nZu beten, dein Angesicht zu suchen und\nuns von b\u00f6sen Wegen abzuwenden,<br \/>\nF\u00fcr die Verlorenen\u00a0 die\u00a0 Hoffnungslosen und Hilflosen und der Welt einzutreten.\n<p>Herr, sei uns gn\u00e4dig.<\/p>\n<h2>\n\t\tVater Unser im Himmel\n\t<\/h2>\n\tDanke das du die Welt so sehr liebst<br \/>\nund deinen einzigen Sohn, Jesus Christus<br \/>\nam Kreuz f\u00fcr unsere S\u00fcnden gestorben ist,<br \/>\ndamit wir uns mit dir vers\u00f6hnen konnten,<br \/>\nund in deiner Familie aufgenommen sind.\n<p><em>Herr, sei uns gn\u00e4dig.<\/em><\/p>\nLasse dein K\u00f6nigreich in jeder Nation der Welt errichtet werden,<br \/>\nDein Wille geschehe durch Verwandlung,<br \/>\nunter V\u00f6lkern aller St\u00e4mme und Sprachen.<br \/>\nDamit Gerechtigkeit und Recht siegen.<br \/>\nWir rufen dich an f\u00fcr die Errettung, der Unerretteten, der Unerreichten,<br \/>\nund f\u00fcr diejenigen die noch nie von unserem Herrn Jesus Christus geh\u00f6rt haben.\n<p><em>M\u00f6ge dein Name gro\u00df sein vom Aufgang der Sonne bis zu ihrem Untergang.<\/em><\/p>\n<h2>\n\t\tVater der Barmherzigkeit und Gnade\n\t<\/h2>\n\tWir haben ges\u00fcndigt.<br \/>\nUnsere Welt ist von der Macht der S\u00fcnde erfasst.<br \/>\nUnsere Herzen sind betr\u00fcbt von Ungerechtigkeit, Hass und Gewalt.<br \/>\nWir sch\u00e4men uns f\u00fcr Unterdr\u00fcckung, Rassismus, Kurruption, Vergewaltigung, Diebstahl und Blutvergie\u00dfen in unserem Land.<br \/>\nWir trauern um den Verlust von Menschenleben, durch Abtreibung, Krieg und Terrorismus.\n<p>Herr, erbarme dich unser, vergib uns unsere S\u00fcnden und heile unser Land.<\/p>\n<h2>\n\t\tHerr Jesus Christus\n\t<\/h2>\n\tDu hast die S\u00fcnde zerst\u00f6rt, den Tod besiegt und Satan besiegt.<br \/>\nBefreie uns von d\u00e4monischer Unterdr\u00fcckung und von der Gei\u00dfel<br \/>\nof the COVID-19 pandemic.\nDeliver us from demonically-inspired financial,<br \/>\nreligi\u00f6sen und Weltanschaulichen Systemen,<br \/>\nvon Armut , Sklaverei , und Tyrannei.<br \/>\nEntferne den Schleier der Dunkelheit, der V\u00f6lker bedeckt.<br \/>\nHalte das B\u00f6se zur\u00fcck das Gewalt und Tod f\u00f6rdert.\n<p>Herr, sei uns gn\u00e4dig , und befreie uns vom B\u00f6sen.<\/p>\n<h2>\n\t\tHeiliger Geist, Geist der Gnade, Geist der Wahrheit\n\t<\/h2>\n\tSalbe uns, um den Kranken Heilung zu bringen,<br \/>\nBefreiung den Unterdr\u00fcckten und die trauernden zu tr\u00f6sten,<br \/>\nSt\u00e4rke diejenigen, die sich um die Kranken k\u00fcmmern<br \/>\nUnd gew\u00e4hre Weisheit f\u00fcr ein Heilmittel von dem Virus COVID-19.<br \/>\nErf\u00fclle uns mit Liebe und Mitgef\u00fchl<br \/>\nf\u00fcr die Obdachlosen, die Hungrigen, die Waisen,<br \/>\ndie Alten und die Ausgegrenzten.\n<p>Herr, sei uns gn\u00e4dig und heile unsere Krankheiten.<\/p>\n<h2>\n\t\tHerr Jesus Christus\n\t<\/h2>\n\tOberhaupt der Kirche,<br \/>\nWir bekennen, dass unsere H\u00e4user zerbrochen und unsere Kirchen gespalten sind.<br \/>\nUnser Leben ist verschmutzt durch Egoismus,<br \/>\nGier, G\u00f6tzendienst und sexuelle Perversionen.<br \/>\nWir n\u00e4hern uns dir f\u00fcr Vergebung, Heilung und Wiederherstellung.<br \/>\nWir brauchen Weisheit und Einsicht f\u00fcr die globale Finanzkrise<br \/>\nUnd wie man die Rohstoffe der Erde f\u00fcr alle nutzen kann.\n<h2>\n\t\tK\u00f6nig der Herrlichkeit\n\t<\/h2>\n\tKomm und vollende Dein Werk in unseren St\u00e4dten,<br \/>\nunseren V\u00f6lkern und\u00a0unseren Nationen.<br \/>\nHerr der Ernte schickt Arbeiter aus, um<br \/>\njede unerreichte Volksgruppe auf der Erde.<br \/>\nVater, w\u00fcrdest du deinem Sohn die<br \/>\nNationen als sein Erbe.\n<p>Von allen Kontinenten und Inseln rufen wir:<\/p>\n<em>Erhebt eure H\u00e4upter, ihr Tore!<\/em><br \/>\n<em>Alte T\u00fcren werden hochgehoben<\/em><br \/>\n<em>damit der K\u00f6nig der Herrlichkeit reinkommen kann.<\/em><br \/>\n<em>Komm f\u00fclle die Erde mit dem Wissen deiner Herrlichkeit<\/em><br \/>\n<em>Wie die Gew\u00e4sser das Meer bedecken.<\/em><br \/>\n<em>Der Geist und die Braut sagen:<\/em>\n<p><em>Amen! <\/em><\/p>\n<p>Komm, Herr Jesus!<\/p>","protected":false},"excerpt":{"rendered":"<p>Click here to edit the dot navigation module. This text is only for editing and will not appear after you publish the changes. A Prayer for the World Almighty God Father, Son and Holy Spirit You alone are holy and righteous. We gather with believers all over the world, To humble ourselves before You, To &#8230; <a title=\"Prayer for the World\" class=\"read-more\" href=\"https:\/\/pray.worldea.org\/de\/prayer-for-the-world\/\" aria-label=\"Mehr Informationen \u00fcber Prayer for the World\">Weiterlesen &#8230;<\/a><\/p>","protected":false},"author":1,"featured_media":0,"parent":0,"menu_order":0,"comment_status":"closed","ping_status":"closed","template":"","meta":{"_acf_changed":false,"_seopress_robots_primary_cat":"","_seopress_titles_title":"","_seopress_titles_desc":"","_seopress_robots_index":"","footnotes":""},"class_list":["post-389","page","type-page","status-publish"],"acf":[],"_links":{"self":[{"href":"https:\/\/pray.worldea.org\/de\/wp-json\/wp\/v2\/pages\/389","targetHints":{"allow":["GET"]}}],"collection":[{"href":"https:\/\/pray.worldea.org\/de\/wp-json\/wp\/v2\/pages"}],"about":[{"href":"https:\/\/pray.worldea.org\/de\/wp-json\/wp\/v2\/types\/page"}],"author":[{"embeddable":true,"href":"https:\/\/pray.worldea.org\/de\/wp-json\/wp\/v2\/users\/1"}],"replies":[{"embeddable":true,"href":"https:\/\/pray.worldea.org\/de\/wp-json\/wp\/v2\/comments?post=389"}],"version-history":[{"count":1,"href":"https:\/\/pray.worldea.org\/de\/wp-json\/wp\/v2\/pages\/389\/revisions"}],"predecessor-version":[{"id":423,"href":"https:\/\/pray.worldea.org\/de\/wp-json\/wp\/v2\/pages\/389\/revisions\/423"}],"wp:attachment":[{"href":"https:\/\/pray.worldea.org\/de\/wp-json\/wp\/v2\/media?parent=389"}],"curies":[{"name":"wp","href":"https:\/\/api.w.org\/{rel}","templated":true}]}}