{"id":80,"date":"2025-02-23T09:53:45","date_gmt":"2025-02-23T09:53:45","guid":{"rendered":"https:\/\/gospelforeveryone.worldea.org\/?page_id=80"},"modified":"2025-03-05T13:05:49","modified_gmt":"2025-03-05T13:05:49","slug":"coming-soon","status":"publish","type":"page","link":"https:\/\/pray.worldea.org\/de\/","title":{"rendered":"Startseite"},"content":{"rendered":"<h2>\n\t\t\u00dcber uns\n\t<\/h2>\n\t<p>Die WEA w\u00fcnscht sich, das Kirchen auf der ganzen Welt zum Gebet mobilisiert werden. Gebet ist einfach ein Gespr\u00e4ch mit Gott. Durch Gebet sind wir Gott N\u00e4her, und unser Glaube, Vertrauen und Gehorsam werde vertieft. Wir sind dazu aufgerufen regelm\u00e4\u00dfig durch Gebet\u00a0 f\u00fcreinander einzutreten, f\u00fcr verfolgte Kirchen (Gemeinden) und f\u00fcr die Verlorenen.<\/p>\n<p>Beten WEA! wird aus dem B\u00fcro des Generalsekret\u00e4rs (BGS) der Welt Evangelischen Allianz geleitet. Wir erkennen an das es mehr als 5000 christliche Gebetsnetzwerke, Gebetsorganisationen und Gebetsh\u00e4user gibt, viele von denen sind der WEA regional und nationalen Allianz angeschlossen. Es ist nicht unsere Absicht eine neue Gebetsinitiative zu starten, sondern vielmehr globaler Kirchen darauf hinzuweisen, Gebetsinitiativen auszuw\u00e2hlen, um ein au\u00dfergew\u00f6hnliches, weltver\u00e4nderndes Gebet zu katalysieren und zu mobilisieren.<\/p>\n<h6>\n\t\tHabakuk 2:14 [Lutherbibel 1912]\n\t<\/h6>\n\t<a href=\"https:\/\/pray.worldea.org\/de\/prayer-for-the-world\/\" target=\"_self\" role=\"button\" aria-label=\"WEITERLESEN\">\n\t\t\t\t\t\tWEITERLESEN\n\t\t\t\t\t<\/a>\n\t<a href=\"https:\/\/pray.worldea.org\/wp-content\/uploads\/2025\/02\/ein-gebet-fur-die-welt.pdf\" target=\"_self\" role=\"button\" aria-label=\"PDF HERUNTERLADEN\">\n\t\t\t\t\t\tPDF HERUNTERLADEN\n\t\t\t\t\t<\/a>\n\t<p><em>&#8220;The man who mobilizes the Christian church to pray will make the greatest contribution to world evangelization in history&#8221;<\/em><\/p>\n<p>&#8211; Andrew Murray<\/p>","protected":false},"excerpt":{"rendered":"<p>About WEA Pray The WEA desires to see churches around the world mobilized to pray. Prayer is simply conversation with God. Through prayer we draw near to God, and our faith, trust and obedience are deepened. We are called to intercede regularly in prayer for one another, for the persecuted church, and for the lost. &#8230; <a title=\"Startseite\" class=\"read-more\" href=\"https:\/\/pray.worldea.org\/de\/\" aria-label=\"Mehr Informationen \u00fcber Home\">Weiterlesen &#8230;<\/a><\/p>","protected":false},"author":1,"featured_media":0,"parent":0,"menu_order":0,"comment_status":"closed","ping_status":"closed","template":"","meta":{"_acf_changed":false,"_seopress_robots_primary_cat":"","_seopress_titles_title":"","_seopress_titles_desc":"","_seopress_robots_index":"","footnotes":""},"class_list":["post-80","page","type-page","status-publish"],"acf":[],"_links":{"self":[{"href":"https:\/\/pray.worldea.org\/de\/wp-json\/wp\/v2\/pages\/80","targetHints":{"allow":["GET"]}}],"collection":[{"href":"https:\/\/pray.worldea.org\/de\/wp-json\/wp\/v2\/pages"}],"about":[{"href":"https:\/\/pray.worldea.org\/de\/wp-json\/wp\/v2\/types\/page"}],"author":[{"embeddable":true,"href":"https:\/\/pray.worldea.org\/de\/wp-json\/wp\/v2\/users\/1"}],"replies":[{"embeddable":true,"href":"https:\/\/pray.worldea.org\/de\/wp-json\/wp\/v2\/comments?post=80"}],"version-history":[{"count":1,"href":"https:\/\/pray.worldea.org\/de\/wp-json\/wp\/v2\/pages\/80\/revisions"}],"predecessor-version":[{"id":425,"href":"https:\/\/pray.worldea.org\/de\/wp-json\/wp\/v2\/pages\/80\/revisions\/425"}],"wp:attachment":[{"href":"https:\/\/pray.worldea.org\/de\/wp-json\/wp\/v2\/media?parent=80"}],"curies":[{"name":"wp","href":"https:\/\/api.w.org\/{rel}","templated":true}]}}