{"id":221,"date":"2025-02-24T12:45:21","date_gmt":"2025-02-24T12:45:21","guid":{"rendered":"https:\/\/gospelforeveryone.worldea.org\/?page_id=221"},"modified":"2025-02-25T12:33:30","modified_gmt":"2025-02-25T12:33:30","slug":"privacy","status":"publish","type":"page","link":"https:\/\/pray.worldea.org\/es\/privacy\/","title":{"rendered":"Privacidad"},"content":{"rendered":"<p>La privacidad es importante, pero puede resultar confusa. En esta p\u00e1gina se explica nuestro enfoque en materia de privacidad y c\u00f3mo le afecta.<\/p>\n<h4>Versi\u00f3n corta<\/h4>\n<p>Recopilamos estad\u00edsticas an\u00f3nimas sobre su visita, como cu\u00e1les de nuestras p\u00e1ginas visit\u00f3.<\/p>\n<p>Some third parties like Facebook may know you visited this website, if you use their services. We can&#8217;t control them but we don&#8217;t believe this knowledge poses any threat to you.<\/p>\n<p>If you sign up with us, we take great care to keep your information safe and we&#8217;ll never share it with others without your express permission.<\/p>\n<p>Nunca compartimos sus datos con terceros excepto para ayudarnos a prestar nuestros propios servicios.<\/p>\n<p>Estos son solo los puntos clave. Si necesitas m\u00e1s detalles, sigue leyendo.<\/p>\n<h4>Medici\u00f3n de nuestros visitantes<\/h4>\n<p>We measure visitors to our website using Google Analytics. This records what pages you view within our site, how you arrived at our site and some basic information about your computer. All of that information is anonymous &#8211; so we don&#8217;t know who you are; just that somebody visited our site.<\/p>\n<p>La informaci\u00f3n que recopilamos a partir de los an\u00e1lisis nos ayuda a comprender qu\u00e9 partes de nuestros sitios funcionan bien, c\u00f3mo llegan las personas a nuestro sitio, etc. Como la mayor\u00eda de los sitios web, utilizamos esta informaci\u00f3n para mejorar nuestro sitio web.<\/p>\n<p>Puede\u00a0<a href=\"https:\/\/support.google.com\/analytics\/answer\/6004245\" target=\"_blank\" rel=\"noopener\">Obtenga m\u00e1s informaci\u00f3n sobre Google Analytics aqu\u00ed<\/a>.<\/p>\n<h4>Contenido incrustado de otros sitios web<\/h4>\n<p>El contenido de este sitio puede incluir contenido incrustado (por ejemplo, v\u00eddeos, im\u00e1genes, art\u00edculos, etc.). El contenido incrustado de otros sitios web se comporta exactamente de la misma manera que si el visitante hubiera visitado el sitio web original.<\/p>\n<p>Estos sitios web pueden recopilar datos sobre usted, utilizar cookies, incrustar un seguimiento adicional de terceros y supervisar su interacci\u00f3n con ese contenido incrustado, incluido el seguimiento de su interacci\u00f3n con el contenido incrustado si tiene una cuenta y est\u00e1 conectado a ese sitio web.<\/p>\n<h4>Anuncios y enlaces patrocinados<\/h4>\n<p>Este sitio web no contiene enlaces patrocinados ni publicidad.<\/p>\n<h4>Descargas y archivos multimedia<\/h4>\n<p>Todos los documentos, archivos o medios descargables que se encuentran disponibles en este sitio web se proporcionan bajo su propio riesgo. Si bien se han tomado todas las precauciones para garantizar que solo est\u00e9n disponibles descargas genuinas, se recomienda verificar su autenticidad mediante software antivirus de terceros o aplicaciones similares.<\/p>\n<p>No asumimos ninguna responsabilidad por las descargas de terceros ni por las descargas proporcionadas por sitios web externos de terceros. Le recomendamos que verifique su autenticidad mediante un software antivirus de terceros o aplicaciones similares.<\/p>\n<h4>Facebook, Twitter y otras redes sociales<\/h4>\n<p>These services provide social buttons and similar features which we use on our website &#8211; such as the &#8220;Like&#8221; and &#8220;Tweet&#8221; buttons.<\/p>\n<p>To do so, we embed code that they provide and we do not control ourselves. To function, their buttons generally know if you&#8217;re logged in; for example Facebook use this to say &#8220;x of your friends like this&#8221;. We do not have any access to that information, nor can we control how those networks use it.<\/p>\n<p>Social networks, therefore, could know that you&#8217;re viewing this website, if you use their services. (That isn&#8217;t to say that they do, but their policies may change).<\/p>\n<h4>Si te registras en un servicio<\/h4>\n<p>Cuando usted se registra en cualquiera de nuestros servicios (por ejemplo, al suscribirse a la lista de correo), registraremos informaci\u00f3n personal espec\u00edfica sobre usted, como su nombre y direcci\u00f3n de correo electr\u00f3nico.<\/p>\n<h4>Correos electr\u00f3nicos<\/h4>\n<p>Es posible que le enviemos notificaciones por correo electr\u00f3nico que haya solicitado espec\u00edficamente (como boletines informativos o notificaciones). Tiene la posibilidad de optar por no recibir estas comunicaciones en cualquier momento.<\/p>\n<p>Nunca proporcionaremos su informaci\u00f3n personal o direcci\u00f3n de correo electr\u00f3nico a terceros, excepto cuando sean empleados espec\u00edficamente para ayudarnos a prestar nuestros propios servicios, como se detalla anteriormente.<\/p>\n<h4>Seguridad<\/h4>\n<p>Tomamos muchas precauciones para evitar la p\u00e9rdida, el uso indebido o la alteraci\u00f3n de su informaci\u00f3n personal. Estas precauciones incluyen:<\/p>\n<ul>\n<li>Uso de encriptaci\u00f3n SSL para todo el contenido de la p\u00e1gina y cualquier dato recopilado<\/li>\n<li>Hardware almacenado en centros de datos seguros detr\u00e1s de firewalls<\/li>\n<li>Todo acceso a la informaci\u00f3n est\u00e1 restringido mediante contrase\u00f1a y\/o clave segura<\/li>\n<li>Restricciones a la informaci\u00f3n a la que se puede acceder desde cualquier ubicaci\u00f3n<\/li>\n<\/ul>\n<p>Si bien tomamos grandes precauciones para garantizar que toda la informaci\u00f3n confidencial permanezca protegida, no podemos garantizar la seguridad de los datos enviados a trav\u00e9s de Internet.<\/p>\n<p>If, during the course of your use of this website, you are asked to create a user account, then please note that you are responsible for keeping your password and user details confidential. We will never ask you for your password, so please don&#8217;t trust anybody asking you for it.<\/p>\n<h4>Tus datos<\/h4>\n<p>Tus datos te pertenecen. Si en cualquier momento deseas solicitar una copia de tus datos, o solicitar que los eliminemos de nuestro sistema, puedes hacerlo.\u00a0<a href=\"https:\/\/pray.worldea.org\/es\/your-data\/\">aqu\u00ed<\/a>.<\/p>\n<h4>Actualizaciones de esta pol\u00edtica<\/h4>\n<p>Es posible que actualicemos esta pol\u00edtica de privacidad de vez en cuando, en particular a medida que cambia la tecnolog\u00eda. Siempre puede consultar esta p\u00e1gina para ver la versi\u00f3n m\u00e1s reciente. Tambi\u00e9n podemos notificarle los cambios en nuestra pol\u00edtica de privacidad por correo electr\u00f3nico.<\/p>","protected":false},"excerpt":{"rendered":"<p>Privacy matters, but it can be confusing. This page explains our approach to privacy and how it affects you. Short version We collect anonymous statistics about your visit, like which of our pages you viewed. Some third parties like Facebook may know you visited this website, if you use their services. We can&#8217;t control them &#8230; <a title=\"Privacidad\" class=\"read-more\" href=\"https:\/\/pray.worldea.org\/es\/privacy\/\" aria-label=\"Leer m\u00e1s sobre Privacy\">Leer m\u00e1s<\/a><\/p>","protected":false},"author":1,"featured_media":0,"parent":0,"menu_order":0,"comment_status":"closed","ping_status":"closed","template":"","meta":{"_acf_changed":false,"_seopress_robots_primary_cat":"","_seopress_titles_title":"","_seopress_titles_desc":"","_seopress_robots_index":"","footnotes":""},"class_list":["post-221","page","type-page","status-publish"],"acf":[],"_links":{"self":[{"href":"https:\/\/pray.worldea.org\/es\/wp-json\/wp\/v2\/pages\/221","targetHints":{"allow":["GET"]}}],"collection":[{"href":"https:\/\/pray.worldea.org\/es\/wp-json\/wp\/v2\/pages"}],"about":[{"href":"https:\/\/pray.worldea.org\/es\/wp-json\/wp\/v2\/types\/page"}],"author":[{"embeddable":true,"href":"https:\/\/pray.worldea.org\/es\/wp-json\/wp\/v2\/users\/1"}],"replies":[{"embeddable":true,"href":"https:\/\/pray.worldea.org\/es\/wp-json\/wp\/v2\/comments?post=221"}],"version-history":[{"count":0,"href":"https:\/\/pray.worldea.org\/es\/wp-json\/wp\/v2\/pages\/221\/revisions"}],"wp:attachment":[{"href":"https:\/\/pray.worldea.org\/es\/wp-json\/wp\/v2\/media?parent=221"}],"curies":[{"name":"wp","href":"https:\/\/api.w.org\/{rel}","templated":true}]}}