{"id":389,"date":"2025-02-26T16:28:54","date_gmt":"2025-02-26T16:28:54","guid":{"rendered":"https:\/\/wea-pray.perfectlydigital.dev\/?page_id=389"},"modified":"2025-03-03T16:02:42","modified_gmt":"2025-03-03T16:02:42","slug":"prayer-for-the-world","status":"publish","type":"page","link":"https:\/\/pray.worldea.org\/es\/prayer-for-the-world\/","title":{"rendered":"Prayer for the World"},"content":{"rendered":"Click here to edit the dot navigation module. This text is only for editing and will not appear after you publish the changes.\n    <ul>\n        <li><a href=\"#\" data-row-id=\"pftw1\" data-prev-row-id=\"\"><\/a><\/li><li><a href=\"#\" data-row-id=\"pftw2\" data-prev-row-id=\"pftw1\"><\/a><\/li><li><a href=\"#\" data-row-id=\"pftw3\" data-prev-row-id=\"pftw2\"><\/a><\/li><li><a href=\"#\" data-row-id=\"pftw4\" data-prev-row-id=\"pftw3\"><\/a><\/li><li><a href=\"#\" data-row-id=\"pftw5\" data-prev-row-id=\"pftw4\"><\/a><\/li><li><a href=\"#\" data-row-id=\"pftw6\" data-prev-row-id=\"pftw5\"><\/a><\/li><li><a href=\"#\" data-row-id=\"pftw7\" data-prev-row-id=\"pftw6\"><\/a><\/li><li><a href=\"#\" data-row-id=\"pftw8\" data-prev-row-id=\"pftw7\"><\/a><\/li>    <\/ul>\n<h1>\n\t\tUna Oraci\u00f3n por el Mundo\n\t<\/h1>\n<h2>\n\t\tDios todopoderoso\n\t<\/h2>\n<h2>\n\t\tPadre, Hijo y Esp\u00edritu Santo\n\t<\/h2>\n\tSolamente T\u00fa eres santo y justo.<br \/>\nNos reunimos con creyentes alrededor del mundo,<br \/>\nNos humillamos delante de Ti,<br \/>\nPara orar, buscar Tu rostro y apartarnos del mal camino,<br \/>\nPara interceder por aquellos en la tierra que no tienen esperanza, que est\u00e1n perdidos y sin ayuda.\n<p>Se\u00f1or, ten misericordia de nosotros.<\/p>\n<h2>\n\t\tPadre que est\u00e1s en los cielos\n\t<\/h2>\n\tGracias por amar al mundo de manera tal<br \/>\nQue diste a Tu Hijo unig\u00e9nito, Jesucristo,<br \/>\nPara morir en la cruz por nuestros pecados<br \/>\nA fin de que seamos reconciliados contigo<br \/>\nY formar parte de tu familia.\n<p><em>Se\u00f1or, ten misericordia de nosotros.<\/em><\/p>\nQue tu reino sea establecido en todas las naciones,\u00a0<br \/>\nQue se haga Tu voluntad a trav\u00e9s de la transformaci\u00f3n\u00a0<br \/>\nDe la gente de toda tribu y lengua,<br \/>\nPara que prevalezcan la justicia y la rectitud.<br \/>\nTe pedimos por la salvaci\u00f3n de los que no tienen salvaci\u00f3n, de los no alcanzados<br \/>\nY por aquellos que nunca han escuchado el nombre de Jesucristo, Se\u00f1or nuestro.\n<p><em>Sea exaltado Tu Nombre, desde el alba hasta el ocaso.<\/em><\/p>\n<h2>\n\t\tPadre de Gracia y Misericordia\n\t<\/h2>\n\tReconocemos que hemos pecado.<br \/>\nNuestro mundo est\u00e1 bajo el control del pecado.<br \/>\nNuestros corazones sufren por la injusticia, el odio y la violencia.<br \/>\nSomos avergonzados mediante la opresi\u00f3n, racismo, corrupci\u00f3n, violaciones, robos y derramamiento de sangre en nuestra tierra.<br \/>\nLamentamos las vidas perdidas por muertes, aborto, guerra y terrorismo.\n<p>Se\u00f1or, ten misericordia de nosotros, perdona nuestros pecados y sana nuestra tierra.<\/p>\n<h2>\n\t\tSe\u00f1or Jesucristo\n\t<\/h2>\n\tT\u00fa derribaste el pecado, venciste la muerte y el enemigo.<br \/>\nL\u00edbranos de opresi\u00f3n demon\u00edaca, de la aflicci\u00f3n causada<br \/>\nof the COVID-19 pandemic.\nDeliver us from demonically-inspired financial,<br \/>\nreligiosos e ideol\u00f3gicos,<br \/>\nDe pobreza, esclavitud y tiran\u00eda.<br \/>\nQuita el velo de oscuridad que cubre a la gente.<br \/>\nFrena la maldad que incita a la muerte y la violencia.\n<p>Se\u00f1or, ten misericordia de nosotros y l\u00edbranos del mal.<\/p>\n<h2>\n\t\tEsp\u00edritu Santo, Esp\u00edritu de Gracia, Esp\u00edritu de Verdad\n\t<\/h2>\n\t\u00dangenos para traer sanidad a los enfermos,<br \/>\nLibertad a los cautivos y consuelo a los que lloran.<br \/>\nFortalece a los que cuidan de los enfermos<br \/>\nY da sabidur\u00eda para una cura del COVID-19.<br \/>\nLl\u00e9nanos de amor y compasi\u00f3n.<br \/>\npor lo que no tienen hogar, los hambrientos, los hu\u00e9rfanos,<br \/>\nlos ancianos y los marginados.\n<p>Se\u00f1or, ten misericordia de nosotros y sana nuestras enfermedades.<\/p>\n<h2>\n\t\tSe\u00f1or Jesucristo\n\t<\/h2>\n\tCabeza de la Iglesia,<br \/>\nConfesamos que nuestros hogares est\u00e1n rotos y nuestras iglesias divididas.<br \/>\nNuestras vidas est\u00e1n contaminadas por el ego\u00edsmo<br \/>\navaricia, idolatr\u00eda y perversiones sexuales.<br \/>\nVenimos ante Ti porque necesitamos tu perd\u00f3n, sanidad y restauraci\u00f3n.<br \/>\nProvee sabidur\u00eda y entendimiento de la crisis financiera mundial<br \/>\nY c\u00f3mo utilizar los recursos naturales para el bienestar de todos.\n<h2>\n\t\tRey de gloria\n\t<\/h2>\n\tVen y perfecciona Tu obra en nuestros pueblos,<br \/>\nNuestra gente y nuestras naciones.<br \/>\nSe\u00f1or de la siembra, env\u00eda obreros a<br \/>\nCada grupo de gente no alcanzada de la Tierra.<br \/>\nPadre, que puedas dar a tu Hijo las<br \/>\nNaciones por heredad.\n<p>Desde todas las islas y continentes, gritamos:<\/p>\n<em>\u00a1Alzad, oh puertas, vuestras cabezas!\u00a0<\/em><br \/>\n<em>Y alzaos vosotras, puertas eternas,<\/em><br \/>\n<em>\u00a1Y entrar\u00e1 el Rey de gloria!<\/em><br \/>\n<em>Ven y llena la tierra del conocimiento de Tu gloria<\/em><br \/>\n<em>As\u00ed como las aguas cubren el mar.<\/em><br \/>\n<em>El Esp\u00edritu y la Novia dicen:<\/em>\n<p><em>\u00a1Am\u00e9n! <\/em><\/p>\n<p>\u00a1Ven Se\u00f1or Jes\u00fas!<\/p>","protected":false},"excerpt":{"rendered":"<p>Click here to edit the dot navigation module. This text is only for editing and will not appear after you publish the changes. A Prayer for the World Almighty God Father, Son and Holy Spirit You alone are holy and righteous. We gather with believers all over the world, To humble ourselves before You, To &#8230; <a title=\"Prayer for the World\" class=\"read-more\" href=\"https:\/\/pray.worldea.org\/es\/prayer-for-the-world\/\" aria-label=\"Leer m\u00e1s sobre Prayer for the World\">Leer m\u00e1s<\/a><\/p>","protected":false},"author":1,"featured_media":0,"parent":0,"menu_order":0,"comment_status":"closed","ping_status":"closed","template":"","meta":{"_acf_changed":false,"_seopress_robots_primary_cat":"","_seopress_titles_title":"","_seopress_titles_desc":"","_seopress_robots_index":"","footnotes":""},"class_list":["post-389","page","type-page","status-publish"],"acf":[],"_links":{"self":[{"href":"https:\/\/pray.worldea.org\/es\/wp-json\/wp\/v2\/pages\/389","targetHints":{"allow":["GET"]}}],"collection":[{"href":"https:\/\/pray.worldea.org\/es\/wp-json\/wp\/v2\/pages"}],"about":[{"href":"https:\/\/pray.worldea.org\/es\/wp-json\/wp\/v2\/types\/page"}],"author":[{"embeddable":true,"href":"https:\/\/pray.worldea.org\/es\/wp-json\/wp\/v2\/users\/1"}],"replies":[{"embeddable":true,"href":"https:\/\/pray.worldea.org\/es\/wp-json\/wp\/v2\/comments?post=389"}],"version-history":[{"count":1,"href":"https:\/\/pray.worldea.org\/es\/wp-json\/wp\/v2\/pages\/389\/revisions"}],"predecessor-version":[{"id":423,"href":"https:\/\/pray.worldea.org\/es\/wp-json\/wp\/v2\/pages\/389\/revisions\/423"}],"wp:attachment":[{"href":"https:\/\/pray.worldea.org\/es\/wp-json\/wp\/v2\/media?parent=389"}],"curies":[{"name":"wp","href":"https:\/\/api.w.org\/{rel}","templated":true}]}}