{"id":80,"date":"2025-02-23T09:53:45","date_gmt":"2025-02-23T09:53:45","guid":{"rendered":"https:\/\/gospelforeveryone.worldea.org\/?page_id=80"},"modified":"2025-03-05T13:05:49","modified_gmt":"2025-03-05T13:05:49","slug":"coming-soon","status":"publish","type":"page","link":"https:\/\/pray.worldea.org\/es\/","title":{"rendered":"Inicio"},"content":{"rendered":"<h2>\n\t\tAcerca de Oraci\u00f3n WEA\u200b\n\t<\/h2>\n\t<p>La WEA desea ver alrededor del mundo iglesias que se muevan a orar. Orar es simplemente conversar con Dios. A trav\u00e9s de la oraci\u00f3n nos acercamos a Dios y profundizamos nuestra fe, obediencia y confianza. Estamos llamados a interceder con frecuencia los unos por los otros, por la iglesia perseguida y por los no alcanzados.<\/p>\n<p>Oraci\u00f3n WEA es una divisi\u00f3n de la Oficina de la Secretar\u00eda General (OSG, por sus siglas en ingl\u00e9s) de la Alianza Evang\u00e9lica Mundial. Reconocemos que existen m\u00e1s de 5,000 redes cristianas de oraci\u00f3n, organizaciones y Casas de Oraci\u00f3n, muchas de ellas afiliadas a WEA Alianzas Regionales y Nacionales. Nuestra intenci\u00f3n no es formar un nuevo proyecto de oraci\u00f3n, sino llevar a las iglesias a nivel global a seleccionar iniciativas de oraci\u00f3n que transformen y generen de manera extraordinaria una oraci\u00f3n que cambie el mundo.<\/p>\n<h6>\n\t\tHabacuc 2:14 [NVI]\n\t<\/h6>\n\t<a href=\"https:\/\/pray.worldea.org\/es\/prayer-for-the-world\/\" target=\"_self\" role=\"button\" aria-label=\"LEE M\u00c1S\">\n\t\t\t\t\t\tLEE M\u00c1S\n\t\t\t\t\t<\/a>\n\t<a href=\"https:\/\/pray.worldea.org\/wp-content\/uploads\/2025\/02\/una-oracion-por-el-mundo.pdf\" target=\"_self\" role=\"button\" aria-label=\"DESCARGAR PDF\">\n\t\t\t\t\t\tDESCARGAR PDF\n\t\t\t\t\t<\/a>\n\t<p><em>&#8220;The man who mobilizes the Christian church to pray will make the greatest contribution to world evangelization in history&#8221;<\/em><\/p>\n<p>&#8211; Andrew Murray<\/p>","protected":false},"excerpt":{"rendered":"<p>About WEA Pray The WEA desires to see churches around the world mobilized to pray. Prayer is simply conversation with God. Through prayer we draw near to God, and our faith, trust and obedience are deepened. We are called to intercede regularly in prayer for one another, for the persecuted church, and for the lost. &#8230; <a title=\"Inicio\" class=\"read-more\" href=\"https:\/\/pray.worldea.org\/es\/\" aria-label=\"Leer m\u00e1s sobre Home\">Leer m\u00e1s<\/a><\/p>","protected":false},"author":1,"featured_media":0,"parent":0,"menu_order":0,"comment_status":"closed","ping_status":"closed","template":"","meta":{"_acf_changed":false,"_seopress_robots_primary_cat":"","_seopress_titles_title":"","_seopress_titles_desc":"","_seopress_robots_index":"","footnotes":""},"class_list":["post-80","page","type-page","status-publish"],"acf":[],"_links":{"self":[{"href":"https:\/\/pray.worldea.org\/es\/wp-json\/wp\/v2\/pages\/80","targetHints":{"allow":["GET"]}}],"collection":[{"href":"https:\/\/pray.worldea.org\/es\/wp-json\/wp\/v2\/pages"}],"about":[{"href":"https:\/\/pray.worldea.org\/es\/wp-json\/wp\/v2\/types\/page"}],"author":[{"embeddable":true,"href":"https:\/\/pray.worldea.org\/es\/wp-json\/wp\/v2\/users\/1"}],"replies":[{"embeddable":true,"href":"https:\/\/pray.worldea.org\/es\/wp-json\/wp\/v2\/comments?post=80"}],"version-history":[{"count":1,"href":"https:\/\/pray.worldea.org\/es\/wp-json\/wp\/v2\/pages\/80\/revisions"}],"predecessor-version":[{"id":425,"href":"https:\/\/pray.worldea.org\/es\/wp-json\/wp\/v2\/pages\/80\/revisions\/425"}],"wp:attachment":[{"href":"https:\/\/pray.worldea.org\/es\/wp-json\/wp\/v2\/media?parent=80"}],"curies":[{"name":"wp","href":"https:\/\/api.w.org\/{rel}","templated":true}]}}