{"id":221,"date":"2025-02-24T12:45:21","date_gmt":"2025-02-24T12:45:21","guid":{"rendered":"https:\/\/gospelforeveryone.worldea.org\/?page_id=221"},"modified":"2025-02-25T12:33:30","modified_gmt":"2025-02-25T12:33:30","slug":"privacy","status":"publish","type":"page","link":"https:\/\/pray.worldea.org\/fr\/privacy\/","title":{"rendered":"Vie priv\u00e9e"},"content":{"rendered":"<p>La confidentialit\u00e9 est importante, mais elle peut \u00eatre source de confusion. Cette page explique notre approche de la confidentialit\u00e9 et son impact sur vous.<\/p>\n<h4>Version courte<\/h4>\n<p>Nous collectons des statistiques anonymes sur votre visite, comme les pages que vous avez consult\u00e9es.<\/p>\n<p>Some third parties like Facebook may know you visited this website, if you use their services. We can&#8217;t control them but we don&#8217;t believe this knowledge poses any threat to you.<\/p>\n<p>If you sign up with us, we take great care to keep your information safe and we&#8217;ll never share it with others without your express permission.<\/p>\n<p>Nous ne partageons jamais vos donn\u00e9es avec des tiers, sauf pour nous aider \u00e0 fournir nos propres services.<\/p>\n<p>Ce ne sont l\u00e0 que les points essentiels. Si vous avez besoin de plus de d\u00e9tails, continuez \u00e0 lire.<\/p>\n<h4>Mesurer nos visiteurs<\/h4>\n<p>We measure visitors to our website using Google Analytics. This records what pages you view within our site, how you arrived at our site and some basic information about your computer. All of that information is anonymous &#8211; so we don&#8217;t know who you are; just that somebody visited our site.<\/p>\n<p>Les informations que nous recueillons \u00e0 partir des analyses nous aident \u00e0 comprendre quelles parties de nos sites fonctionnent bien, comment les gens arrivent sur notre site, etc. Comme la plupart des sites Web, nous utilisons ces informations pour am\u00e9liorer notre site Web.<\/p>\n<p>Tu peux\u00a0<a href=\"https:\/\/support.google.com\/analytics\/answer\/6004245\" target=\"_blank\" rel=\"noopener\">en savoir plus sur Google Analytics ici<\/a>.<\/p>\n<h4>Contenu int\u00e9gr\u00e9 provenant d&#039;autres sites Web<\/h4>\n<p>Le contenu de ce site peut inclure du contenu int\u00e9gr\u00e9 (par exemple des vid\u00e9os, des images, des articles, etc.). Le contenu int\u00e9gr\u00e9 provenant d&#039;autres sites Web se comporte exactement de la m\u00eame mani\u00e8re que si le visiteur avait visit\u00e9 le site Web d&#039;origine.<\/p>\n<p>Ces sites Web peuvent collecter des donn\u00e9es sur vous, utiliser des cookies, int\u00e9grer un suivi tiers suppl\u00e9mentaire et surveiller votre interaction avec ce contenu int\u00e9gr\u00e9, y compris le suivi de votre interaction avec le contenu int\u00e9gr\u00e9 si vous avez un compte et \u00eates connect\u00e9 \u00e0 ce site Web.<\/p>\n<h4>Publicit\u00e9s et liens sponsoris\u00e9s<\/h4>\n<p>Ce site Web ne contient aucun lien sponsoris\u00e9 ni aucune publicit\u00e9.<\/p>\n<h4>T\u00e9l\u00e9chargements et fichiers multim\u00e9dias<\/h4>\n<p>Tous les documents, fichiers ou supports t\u00e9l\u00e9chargeables mis \u00e0 disposition sur ce site Web vous sont fournis \u00e0 vos propres risques. Bien que toutes les pr\u00e9cautions aient \u00e9t\u00e9 prises pour garantir que seuls des t\u00e9l\u00e9chargements authentiques soient disponibles, il vous est conseill\u00e9 de v\u00e9rifier leur authenticit\u00e9 \u00e0 l&#039;aide d&#039;un logiciel antivirus tiers ou d&#039;applications similaires.<\/p>\n<p>Nous d\u00e9clinons toute responsabilit\u00e9 concernant les t\u00e9l\u00e9chargements de tiers et les t\u00e9l\u00e9chargements fournis par des sites Web tiers externes. Nous vous conseillons de v\u00e9rifier leur authenticit\u00e9 \u00e0 l&#039;aide d&#039;un logiciel antivirus tiers ou d&#039;applications similaires.<\/p>\n<h4>Facebook, Twitter et autres r\u00e9seaux sociaux<\/h4>\n<p>These services provide social buttons and similar features which we use on our website &#8211; such as the &#8220;Like&#8221; and &#8220;Tweet&#8221; buttons.<\/p>\n<p>To do so, we embed code that they provide and we do not control ourselves. To function, their buttons generally know if you&#8217;re logged in; for example Facebook use this to say &#8220;x of your friends like this&#8221;. We do not have any access to that information, nor can we control how those networks use it.<\/p>\n<p>Social networks, therefore, could know that you&#8217;re viewing this website, if you use their services. (That isn&#8217;t to say that they do, but their policies may change).<\/p>\n<h4>Si vous vous inscrivez \u00e0 un service<\/h4>\n<p>Lorsque vous vous inscrivez \u00e0 l&#039;un de nos services (par exemple, en vous inscrivant \u00e0 la liste de diffusion), nous enregistrons des informations personnelles sp\u00e9cifiques vous concernant, telles que votre nom et votre adresse e-mail.<\/p>\n<h4>Courriels<\/h4>\n<p>Nous pouvons vous envoyer des notifications par courrier \u00e9lectronique que vous avez express\u00e9ment demand\u00e9es (telles que des newsletters ou des notifications). Vous avez la possibilit\u00e9 de vous d\u00e9sinscrire de ces communications \u00e0 tout moment.<\/p>\n<p>Nous ne fournirons jamais vos informations personnelles ou votre adresse e-mail \u00e0 des tiers, sauf s&#039;ils sont sp\u00e9cifiquement employ\u00e9s pour nous aider \u00e0 fournir nos propres services, comme d\u00e9taill\u00e9 ci-dessus.<\/p>\n<h4>S\u00e9curit\u00e9<\/h4>\n<p>Nous prenons de nombreuses pr\u00e9cautions pour \u00e9viter la perte, l&#039;utilisation abusive ou l&#039;alt\u00e9ration de vos informations personnelles. Ces pr\u00e9cautions comprennent :<\/p>\n<ul>\n<li>Utilisation du cryptage SSL pour tout le contenu de la page et toutes les donn\u00e9es collect\u00e9es<\/li>\n<li>Mat\u00e9riel stock\u00e9 dans des centres de donn\u00e9es s\u00e9curis\u00e9s derri\u00e8re des pare-feu<\/li>\n<li>Tout acc\u00e8s aux informations restreint par mot de passe et\/ou cl\u00e9 s\u00e9curis\u00e9e<\/li>\n<li>Restrictions concernant les informations accessibles depuis n&#039;importe quel emplacement<\/li>\n<\/ul>\n<p>Bien que nous prenions grand soin de garantir la protection de toute information confidentielle, nous ne pouvons pas garantir la s\u00e9curit\u00e9 des donn\u00e9es envoy\u00e9es sur Internet.<\/p>\n<p>If, during the course of your use of this website, you are asked to create a user account, then please note that you are responsible for keeping your password and user details confidential. We will never ask you for your password, so please don&#8217;t trust anybody asking you for it.<\/p>\n<h4>Vos donn\u00e9es<\/h4>\n<p>Vos donn\u00e9es vous appartiennent. Si vous souhaitez \u00e0 tout moment demander une copie de vos donn\u00e9es ou demander que nous les supprimions de notre syst\u00e8me, vous pouvez le faire\u00a0<a href=\"https:\/\/pray.worldea.org\/fr\/your-data\/\">ici<\/a>.<\/p>\n<h4>Mises \u00e0 jour de cette politique<\/h4>\n<p>Nous sommes susceptibles de mettre \u00e0 jour cette politique de confidentialit\u00e9 de temps \u00e0 autre, notamment en fonction des \u00e9volutions technologiques. Vous pouvez toujours consulter cette page pour obtenir la derni\u00e8re version. Nous pouvons \u00e9galement vous informer des modifications apport\u00e9es \u00e0 notre politique de confidentialit\u00e9 par e-mail.<\/p>","protected":false},"excerpt":{"rendered":"<p>Privacy matters, but it can be confusing. This page explains our approach to privacy and how it affects you. Short version We collect anonymous statistics about your visit, like which of our pages you viewed. Some third parties like Facebook may know you visited this website, if you use their services. We can&#8217;t control them &#8230; <a title=\"Vie priv\u00e9e\" class=\"read-more\" href=\"https:\/\/pray.worldea.org\/fr\/privacy\/\" aria-label=\"En savoir plus sur Privacy\">Lire plus<\/a><\/p>","protected":false},"author":1,"featured_media":0,"parent":0,"menu_order":0,"comment_status":"closed","ping_status":"closed","template":"","meta":{"_acf_changed":false,"_seopress_robots_primary_cat":"","_seopress_titles_title":"","_seopress_titles_desc":"","_seopress_robots_index":"","footnotes":""},"class_list":["post-221","page","type-page","status-publish"],"acf":[],"_links":{"self":[{"href":"https:\/\/pray.worldea.org\/fr\/wp-json\/wp\/v2\/pages\/221","targetHints":{"allow":["GET"]}}],"collection":[{"href":"https:\/\/pray.worldea.org\/fr\/wp-json\/wp\/v2\/pages"}],"about":[{"href":"https:\/\/pray.worldea.org\/fr\/wp-json\/wp\/v2\/types\/page"}],"author":[{"embeddable":true,"href":"https:\/\/pray.worldea.org\/fr\/wp-json\/wp\/v2\/users\/1"}],"replies":[{"embeddable":true,"href":"https:\/\/pray.worldea.org\/fr\/wp-json\/wp\/v2\/comments?post=221"}],"version-history":[{"count":0,"href":"https:\/\/pray.worldea.org\/fr\/wp-json\/wp\/v2\/pages\/221\/revisions"}],"wp:attachment":[{"href":"https:\/\/pray.worldea.org\/fr\/wp-json\/wp\/v2\/media?parent=221"}],"curies":[{"name":"wp","href":"https:\/\/api.w.org\/{rel}","templated":true}]}}