{"id":389,"date":"2025-02-26T16:28:54","date_gmt":"2025-02-26T16:28:54","guid":{"rendered":"https:\/\/wea-pray.perfectlydigital.dev\/?page_id=389"},"modified":"2025-03-03T16:02:42","modified_gmt":"2025-03-03T16:02:42","slug":"prayer-for-the-world","status":"publish","type":"page","link":"https:\/\/pray.worldea.org\/fr\/prayer-for-the-world\/","title":{"rendered":"Prayer for the World"},"content":{"rendered":"Click here to edit the dot navigation module. This text is only for editing and will not appear after you publish the changes.\n    <ul>\n        <li><a href=\"#\" data-row-id=\"pftw1\" data-prev-row-id=\"\"><\/a><\/li><li><a href=\"#\" data-row-id=\"pftw2\" data-prev-row-id=\"pftw1\"><\/a><\/li><li><a href=\"#\" data-row-id=\"pftw3\" data-prev-row-id=\"pftw2\"><\/a><\/li><li><a href=\"#\" data-row-id=\"pftw4\" data-prev-row-id=\"pftw3\"><\/a><\/li><li><a href=\"#\" data-row-id=\"pftw5\" data-prev-row-id=\"pftw4\"><\/a><\/li><li><a href=\"#\" data-row-id=\"pftw6\" data-prev-row-id=\"pftw5\"><\/a><\/li><li><a href=\"#\" data-row-id=\"pftw7\" data-prev-row-id=\"pftw6\"><\/a><\/li><li><a href=\"#\" data-row-id=\"pftw8\" data-prev-row-id=\"pftw7\"><\/a><\/li>    <\/ul>\n<h1>\n\t\tUne pri\u00e8re pour le Monde\n\t<\/h1>\n<h2>\n\t\tDieu Tout-Puissant\n\t<\/h2>\n<h2>\n\t\tP\u00e8re, Fils et Saint-Esprit\n\t<\/h2>\n\tToi seul es saint et juste.<br \/>\nNous nous joignons \u00e0 des croyants du monde entier,<br \/>\nPour nous humilier devant Toi,<br \/>\nPour prier, chercher Ta face et nous d\u00e9tourner de nos mauvaises voies,<br \/>\nPour interc\u00e9der pour les perdus, les d\u00e9sesp\u00e9r\u00e9s, les vuln\u00e9rables et le monde.\n<p>Seigneur, aie piti\u00e9 de nous.<\/p>\n<h2>\n\t\tNotre P\u00e8re dans les cieux\n\t<\/h2>\n\tMerci de tant aimer le monde<br \/>\nQue tu as donn\u00e9 Ton unique fils, J\u00e9sus Christ,<br \/>\nPour mourir sur la croix pour nos p\u00e9ch\u00e9s<br \/>\nAfin que nous puissions \u00eatre r\u00e9concili\u00e9s avec Toi<br \/>\nEt adopt\u00e9s dans Ta famille.\n<p><em>Seigneur, aie piti\u00e9 de nous.<\/em><\/p>\nQue Ton Royaume soit \u00e9tabli dans chaque nation du monde,<br \/>\nTa volont\u00e9 soit faite au travers de la transformation<br \/>\nParmi les personnes de tout peuple et toute langue,<br \/>\nAfin que la justice et la droiture r\u00e8gnent.<br \/>\nNous faisons appel \u00e0 Toi pour le salut des perdus, des non \u00e9vang\u00e9lis\u00e9s<br \/>\nEt pour ceux qui n\u2019ont jamais entendu parler de J\u00e9sus Christ, notre Seigneur.\n<p><em>Que Ton Nom soit \u00e9lev\u00e9, du lever du soleil \u00e0 son coucher.<\/em><\/p>\n<h2>\n\t\tP\u00e8re de Mis\u00e9ricorde et de Gr\u00e2ce\n\t<\/h2>\n\tNous avons p\u00e9ch\u00e9.<br \/>\nNotre monde est pris en \u00e9tau par le pouvoir du p\u00e9ch\u00e9.<br \/>\nNos c\u0153urs sont pein\u00e9s par l\u2019injustice, la haine et la violence.<br \/>\nNous avons honte de l\u2019oppression, du racisme, de la corruption, du viol, des vols, du sang vers\u00e9 sur notre terre.<br \/>\nNous pleurons chaque vie perdue par les meurtres, les avortements, la guerre et le terrorisme.\n<p>Seigneur, aie piti\u00e9 de nous, pardonne nos p\u00e9ch\u00e9s et gu\u00e9ris notre terre.<\/p>\n<h2>\n\t\tSeigneur J\u00e9sus-Christ\n\t<\/h2>\n\tTu as d\u00e9truit le p\u00e9ch\u00e9, conquis la mort et vaincu Satan.<br \/>\nD\u00e9livre-nous de l\u2019oppression du d\u00e9mon, et du fl\u00e9au<br \/>\nof the COVID-19 pandemic.\nDeliver us from demonically-inspired financial,<br \/>\nid\u00e9ologiques ou financiers inspir\u00e9s par le mal,<br \/>\nDe la pauvret\u00e9, de l\u2019esclavage et de la tyrannie.<br \/>\nSoul\u00e8ve le voile d\u2019obscurit\u00e9 qui recouvre les peuples.<br \/>\nRetiens le mal qui entraine la violence et la mort.\n<p>Seigneur, aie piti\u00e9 de nous et d\u00e9livre-nous du mal.<\/p>\n<h2>\n\t\tSaint-Esprit, Esprit de gr\u00e2ce, Esprit de v\u00e9rit\u00e9\n\t<\/h2>\n\tDonne-nous Ton onction pour amener la gu\u00e9rison aux maladies<br \/>\nla d\u00e9livrance aux oppress\u00e9s et pour r\u00e9conforter ceux qui sont endeuill\u00e9s.<br \/>\nRenforce ceux qui s\u2019occupent des malades<br \/>\nEt donne la sagesse pour un rem\u00e8de contre le virus de la COVID-19.<br \/>\nRemplis-nous d&#039;amour et de compassion<br \/>\npour les sans-abris, ceux qui ont faim, les orphelins,<br \/>\nles personnes \u00e2g\u00e9es et les personnes marginalis\u00e9s.\n<p>Seigneur, aie piti\u00e9 de nous et gu\u00e9ris nos maladies.<\/p>\n<h2>\n\t\tSeigneur J\u00e9sus-Christ\n\t<\/h2>\n\t\u00a0A la t\u00eate de l\u2019Eglise,<br \/>\nNous confessons que nos foyers sont bris\u00e9s et nos \u00e9glises divis\u00e9es.<br \/>\nNos vies sont pollu\u00e9es par l\u2019\u00e9go\u00efsme,<br \/>\nla cupidit\u00e9, l\u2019idol\u00e2trie et les perversions sexuelles.<br \/>\nNous nous approchons de Toi pour le pardon, la gu\u00e9rison et la restauration.<br \/>\nNous avons besoin de sagesse et perspicacit\u00e9 pour la crise financi\u00e8re mondiale<br \/>\nEt pour savoir comment utiliser les ressources terrestres pour le bien-\u00eatre de tous.\n<h2>\n\t\tRoi de gloire\n\t<\/h2>\n\tViens et finis Ton travail dans nos villes,<br \/>\nDans nos peuples et nos nations.<br \/>\nSeigneur de la moisson, envoie des ouvriers<br \/>\nvers chaque groupe de personnes perdues sur la terre.<br \/>\nP\u00e8re, donnerais-tu \u00e0 ton Fils<br \/>\nles nations comme son h\u00e9ritage.\n<p>Depuis tous les continents et les iles, nous crions\u00a0:<\/p>\n<em>Portes, \u00e9levez vos t\u00eates !<\/em><br \/>\n<em>Haussez-vous, vous, portes \u00e9ternelles<\/em><br \/>\n<em>Pour que le Roi de gloire y fasse son entr\u00e9e !<\/em><br \/>\n<em>Viens remplir la terre de la connaissance de Ta gloire<\/em><br \/>\n<em>Comme les eaux recouvrent le fond des mers.<\/em><br \/>\n<em>L&#039;Esprit et l&#039;\u00c9pouse disent :<\/em>\n<p><em>Amen! <\/em><\/p>\n<p>Viens Seigneur J\u00e9sus!<\/p>","protected":false},"excerpt":{"rendered":"<p>Click here to edit the dot navigation module. This text is only for editing and will not appear after you publish the changes. A Prayer for the World Almighty God Father, Son and Holy Spirit You alone are holy and righteous. We gather with believers all over the world, To humble ourselves before You, To &#8230; <a title=\"Prayer for the World\" class=\"read-more\" href=\"https:\/\/pray.worldea.org\/fr\/prayer-for-the-world\/\" aria-label=\"En savoir plus sur Prayer for the World\">Lire plus<\/a><\/p>","protected":false},"author":1,"featured_media":0,"parent":0,"menu_order":0,"comment_status":"closed","ping_status":"closed","template":"","meta":{"_acf_changed":false,"_seopress_robots_primary_cat":"","_seopress_titles_title":"","_seopress_titles_desc":"","_seopress_robots_index":"","footnotes":""},"class_list":["post-389","page","type-page","status-publish"],"acf":[],"_links":{"self":[{"href":"https:\/\/pray.worldea.org\/fr\/wp-json\/wp\/v2\/pages\/389","targetHints":{"allow":["GET"]}}],"collection":[{"href":"https:\/\/pray.worldea.org\/fr\/wp-json\/wp\/v2\/pages"}],"about":[{"href":"https:\/\/pray.worldea.org\/fr\/wp-json\/wp\/v2\/types\/page"}],"author":[{"embeddable":true,"href":"https:\/\/pray.worldea.org\/fr\/wp-json\/wp\/v2\/users\/1"}],"replies":[{"embeddable":true,"href":"https:\/\/pray.worldea.org\/fr\/wp-json\/wp\/v2\/comments?post=389"}],"version-history":[{"count":1,"href":"https:\/\/pray.worldea.org\/fr\/wp-json\/wp\/v2\/pages\/389\/revisions"}],"predecessor-version":[{"id":423,"href":"https:\/\/pray.worldea.org\/fr\/wp-json\/wp\/v2\/pages\/389\/revisions\/423"}],"wp:attachment":[{"href":"https:\/\/pray.worldea.org\/fr\/wp-json\/wp\/v2\/media?parent=389"}],"curies":[{"name":"wp","href":"https:\/\/api.w.org\/{rel}","templated":true}]}}