{"id":80,"date":"2025-02-23T09:53:45","date_gmt":"2025-02-23T09:53:45","guid":{"rendered":"https:\/\/gospelforeveryone.worldea.org\/?page_id=80"},"modified":"2025-03-05T13:05:49","modified_gmt":"2025-03-05T13:05:49","slug":"coming-soon","status":"publish","type":"page","link":"https:\/\/pray.worldea.org\/fr\/","title":{"rendered":"Accueil"},"content":{"rendered":"<h2>\n\t\tA propos de la Pri\u00e8re AEM!\n\t<\/h2>\n\t<p>L' AEM d\u00e9sire voir les \u00e9glises autour du globe se mobiliser pour prier. La pri\u00e8re est simplement une conversation avec Dieu. Au travers de la pri\u00e8re, nous nous approchons de Dieu, et notre foi, notre confiance et notre ob\u00e9issance s'en trouvent renforc\u00e9s. Nous sommes appel\u00e9s \u00e0 interc\u00e9der r\u00e9guli\u00e8rement les uns pour les autres, pour l'Eglise pers\u00e9cut\u00e9e, et pour les perdus.<\/p>\n<p>Pri\u00e8re AEM! est coordonn\u00e9 par le bureau du secr\u00e9taire g\u00e9n\u00e9ral\u00a0 (BSG) de l'Alliance\u00a0 Evang\u00e9lique Mondiale. Nous sommes conscients qu'il existe plus de 5000 r\u00e9seaux, organisations, ou maisons de pri\u00e8re chr\u00e9tiens, beaucoup d'entre eux \u00e9tant affili\u00e9s aux alliances r\u00e9gionales ou nationales de l'AEM. Nous n'avons pas l'intention de d\u00e9buter une nouvelle initiative de pri\u00e8re, mais plut\u00f4t de guider les \u00e9glises vers des initiatives de pri\u00e8res s\u00e9lectionn\u00e9es, afin de catalyser et de mobiliser une pri\u00e8re extraordinaire capable de bouleverser le monde.<\/p>\n<h6>\n\t\tHabaquq 2:14 [Semeur]\n\t<\/h6>\n\t<a href=\"https:\/\/pray.worldea.org\/fr\/prayer-for-the-world\/\" target=\"_self\" role=\"button\" aria-label=\"LIRE LA SUITE\">\n\t\t\t\t\t\tLIRE LA SUITE\n\t\t\t\t\t<\/a>\n\t<a href=\"https:\/\/pray.worldea.org\/wp-content\/uploads\/2025\/02\/une-priere-pour-le-monde.pdf\" target=\"_self\" role=\"button\" aria-label=\"T\u00c9L\u00c9CHARGER LE PDF\">\n\t\t\t\t\t\tT\u00c9L\u00c9CHARGER LE PDF\n\t\t\t\t\t<\/a>\n\t<p><em>&#8220;The man who mobilizes the Christian church to pray will make the greatest contribution to world evangelization in history&#8221;<\/em><\/p>\n<p>&#8211; Andrew Murray<\/p>","protected":false},"excerpt":{"rendered":"<p>About WEA Pray The WEA desires to see churches around the world mobilized to pray. Prayer is simply conversation with God. Through prayer we draw near to God, and our faith, trust and obedience are deepened. We are called to intercede regularly in prayer for one another, for the persecuted church, and for the lost. &#8230; <a title=\"Accueil\" class=\"read-more\" href=\"https:\/\/pray.worldea.org\/fr\/\" aria-label=\"En savoir plus sur Home\">Lire plus<\/a><\/p>","protected":false},"author":1,"featured_media":0,"parent":0,"menu_order":0,"comment_status":"closed","ping_status":"closed","template":"","meta":{"_acf_changed":false,"_seopress_robots_primary_cat":"","_seopress_titles_title":"","_seopress_titles_desc":"","_seopress_robots_index":"","footnotes":""},"class_list":["post-80","page","type-page","status-publish"],"acf":[],"_links":{"self":[{"href":"https:\/\/pray.worldea.org\/fr\/wp-json\/wp\/v2\/pages\/80","targetHints":{"allow":["GET"]}}],"collection":[{"href":"https:\/\/pray.worldea.org\/fr\/wp-json\/wp\/v2\/pages"}],"about":[{"href":"https:\/\/pray.worldea.org\/fr\/wp-json\/wp\/v2\/types\/page"}],"author":[{"embeddable":true,"href":"https:\/\/pray.worldea.org\/fr\/wp-json\/wp\/v2\/users\/1"}],"replies":[{"embeddable":true,"href":"https:\/\/pray.worldea.org\/fr\/wp-json\/wp\/v2\/comments?post=80"}],"version-history":[{"count":1,"href":"https:\/\/pray.worldea.org\/fr\/wp-json\/wp\/v2\/pages\/80\/revisions"}],"predecessor-version":[{"id":425,"href":"https:\/\/pray.worldea.org\/fr\/wp-json\/wp\/v2\/pages\/80\/revisions\/425"}],"wp:attachment":[{"href":"https:\/\/pray.worldea.org\/fr\/wp-json\/wp\/v2\/media?parent=80"}],"curies":[{"name":"wp","href":"https:\/\/api.w.org\/{rel}","templated":true}]}}